{"id":37,"date":"2023-07-14T21:37:03","date_gmt":"2023-07-14T18:37:03","guid":{"rendered":"https:\/\/depoo.devel.ee\/?page_id=37"},"modified":"2024-07-24T20:31:14","modified_gmt":"2024-07-24T17:31:14","slug":"home","status":"publish","type":"page","link":"https:\/\/new.valgadepoo.ee\/en\/","title":{"rendered":"\u0413\u043b\u0430\u0432\u043d\u0430\u044f"},"content":{"rendered":"<div data-elementor-type=\"wp-page\" data-elementor-id=\"37\" class=\"elementor elementor-37\">\n\t\t\t\t\t\t\t\t\t<section class=\"elementor-section elementor-top-section elementor-element elementor-element-a5e4a10 cspt-col-stretched-none cspt-bg-color-over-image elementor-section-boxed elementor-section-height-default elementor-section-height-default\" data-id=\"a5e4a10\" data-element_type=\"section\">\n\t\t\t\t\t\t<div class=\"elementor-container elementor-column-gap-default\">\n\t\t\t\t\t<div class=\"elementor-column elementor-col-100 elementor-top-column elementor-element elementor-element-8d727ab cspt-bg-color-over-image\" data-id=\"8d727ab\" data-element_type=\"column\">\n\t\t\t<div class=\"elementor-widget-wrap elementor-element-populated\">\n\t\t\t\t\t\t\t\t<div class=\"elementor-element elementor-element-a999e29 elementor-arrows-position-inside elementor-pagination-position-outside elementor-widget elementor-widget-image-carousel\" data-id=\"a999e29\" data-element_type=\"widget\" data-settings=\"{&quot;slides_to_show&quot;:&quot;1&quot;,&quot;navigation&quot;:&quot;both&quot;,&quot;autoplay&quot;:&quot;yes&quot;,&quot;pause_on_hover&quot;:&quot;yes&quot;,&quot;pause_on_interaction&quot;:&quot;yes&quot;,&quot;autoplay_speed&quot;:5000,&quot;infinite&quot;:&quot;yes&quot;,&quot;effect&quot;:&quot;slide&quot;,&quot;speed&quot;:500}\" data-widget_type=\"image-carousel.default\">\n\t\t\t\t<div class=\"elementor-widget-container\">\n\t\t\t<style>\/*! elementor - v3.14.0 - 26-06-2023 *\/\n.elementor-widget-image-carousel .swiper,.elementor-widget-image-carousel .swiper-container{position:static}.elementor-widget-image-carousel .swiper-container .swiper-slide figure,.elementor-widget-image-carousel .swiper .swiper-slide figure{line-height:inherit}.elementor-widget-image-carousel .swiper-slide{text-align:center}.elementor-image-carousel-wrapper:not(.swiper-container-initialized):not(.swiper-initialized) .swiper-slide{max-width:calc(100% \/ var(--e-image-carousel-slides-to-show, 3))}<\/style>\t\t<div class=\"elementor-image-carousel-wrapper swiper\" dir=\"ltr\">\n\t\t\t<div class=\"elementor-image-carousel swiper-wrapper swiper-image-stretch\" aria-live=\"off\">\n\t\t\t\t\t\t\t\t<div class=\"swiper-slide\" role=\"group\" aria-roledescription=\"slide\" aria-label=\"1 of 5\"><figure class=\"swiper-slide-inner\"><img decoding=\"async\" class=\"swiper-slide-image\" src=\"https:\/\/new.valgadepoo.ee\/wp-content\/uploads\/2023\/09\/20230719_142026-1-scaled.jpg\" alt=\"20230719_142026\" \/><\/figure><\/div><div class=\"swiper-slide\" role=\"group\" aria-roledescription=\"slide\" aria-label=\"2 of 5\"><figure class=\"swiper-slide-inner\"><img decoding=\"async\" class=\"swiper-slide-image\" src=\"https:\/\/new.valgadepoo.ee\/wp-content\/uploads\/2023\/09\/20230719_142231-1-scaled.jpg\" alt=\"20230719_142231\" \/><\/figure><\/div><div class=\"swiper-slide\" role=\"group\" aria-roledescription=\"slide\" aria-label=\"3 of 5\"><figure class=\"swiper-slide-inner\"><img decoding=\"async\" class=\"swiper-slide-image\" src=\"https:\/\/new.valgadepoo.ee\/wp-content\/uploads\/2023\/09\/20230719_142314-1-scaled.jpg\" alt=\"20230719_142314\" \/><\/figure><\/div><div class=\"swiper-slide\" role=\"group\" aria-roledescription=\"slide\" aria-label=\"4 of 5\"><figure class=\"swiper-slide-inner\"><img decoding=\"async\" class=\"swiper-slide-image\" src=\"https:\/\/new.valgadepoo.ee\/wp-content\/uploads\/2023\/09\/20230719_142419-1-scaled.jpg\" alt=\"20230719_142419\" \/><\/figure><\/div><div class=\"swiper-slide\" role=\"group\" aria-roledescription=\"slide\" aria-label=\"5 of 5\"><figure class=\"swiper-slide-inner\"><img decoding=\"async\" class=\"swiper-slide-image\" src=\"https:\/\/new.valgadepoo.ee\/wp-content\/uploads\/2023\/09\/20230803_095416-1-scaled.jpg\" alt=\"20230803_095416\" \/><\/figure><\/div>\t\t\t<\/div>\n\t\t\t\t\t\t\t\t\t\t\t\t<div class=\"elementor-swiper-button elementor-swiper-button-prev\" role=\"button\" tabindex=\"0\">\n\t\t\t\t\t\t<i aria-hidden=\"true\" class=\"eicon-chevron-left\"><\/i>\t\t\t\t\t<\/div>\n\t\t\t\t\t<div class=\"elementor-swiper-button elementor-swiper-button-next\" role=\"button\" tabindex=\"0\">\n\t\t\t\t\t\t<i aria-hidden=\"true\" class=\"eicon-chevron-right\"><\/i>\t\t\t\t\t<\/div>\n\t\t\t\t\n\t\t\t\t\t\t\t\t\t<div class=\"swiper-pagination\"><\/div>\n\t\t\t\t\t\t\t\t\t<\/div>\n\t\t\t\t<\/div>\n\t\t\t\t<\/div>\n\t\t\t\t<div class=\"elementor-element elementor-element-98d8af1 elementor-widget elementor-widget-heading\" data-id=\"98d8af1\" data-element_type=\"widget\" data-widget_type=\"heading.default\">\n\t\t\t\t<div class=\"elementor-widget-container\">\n\t\t\t<style>\/*! elementor - v3.14.0 - 26-06-2023 *\/\n.elementor-heading-title{padding:0;margin:0;line-height:1}.elementor-widget-heading .elementor-heading-title[class*=elementor-size-]>a{color:inherit;font-size:inherit;line-height:inherit}.elementor-widget-heading .elementor-heading-title.elementor-size-small{font-size:15px}.elementor-widget-heading .elementor-heading-title.elementor-size-medium{font-size:19px}.elementor-widget-heading .elementor-heading-title.elementor-size-large{font-size:29px}.elementor-widget-heading .elementor-heading-title.elementor-size-xl{font-size:39px}.elementor-widget-heading .elementor-heading-title.elementor-size-xxl{font-size:59px}<\/style><h2 class=\"elementor-heading-title elementor-size-default\">We offer you long-term mutual cooperation<\/h2>\t\t<\/div>\n\t\t\t\t<\/div>\n\t\t\t\t<div class=\"elementor-element elementor-element-c330af7 elementor-widget elementor-widget-text-editor\" data-id=\"c330af7\" data-element_type=\"widget\" data-widget_type=\"text-editor.default\">\n\t\t\t\t<div class=\"elementor-widget-container\">\n\t\t\t<style>\/*! elementor - v3.14.0 - 26-06-2023 *\/\n.elementor-widget-text-editor.elementor-drop-cap-view-stacked .elementor-drop-cap{background-color:#69727d;color:#fff}.elementor-widget-text-editor.elementor-drop-cap-view-framed .elementor-drop-cap{color:#69727d;border:3px solid;background-color:transparent}.elementor-widget-text-editor:not(.elementor-drop-cap-view-default) .elementor-drop-cap{margin-top:8px}.elementor-widget-text-editor:not(.elementor-drop-cap-view-default) .elementor-drop-cap-letter{width:1em;height:1em}.elementor-widget-text-editor .elementor-drop-cap{float:left;text-align:center;line-height:1;font-size:50px}.elementor-widget-text-editor .elementor-drop-cap-letter{display:inline-block}<\/style>\t\t\t\t<p>The workshop AS Valga Depoo (Valga, Estonia) is equipped with advanced equipment and qualified personnel, which allows us to offer customers high-quality and qualified services for the repair and maintenance of freight wagons of various types and models.<\/p><p>AS Valga Depoo strives to become a reliable partner for railway companies, providing high quality services. AS Valga Depoo combines the experience of specialists and advanced equipment to ensure the smooth and safe operation of railway transport.<\/p><p>Our workshop activities are certified according to ISO 9001 standards; 14001; 45001; 17025; ECM (certificate EE\/31\/0023\/0001).<\/p><p>AS Valga Depoo adheres to high standards of environmental safety and efficiency, using modern technologies to reduce its environmental impact.<\/p><p>\u00a0<\/p>\t\t\t\t\t\t<\/div>\n\t\t\t\t<\/div>\n\t\t\t\t\t<\/div>\n\t\t<\/div>\n\t\t\t\t\t\t\t<\/div>\n\t\t<\/section>\n\t\t\t\t<section class=\"elementor-section elementor-top-section elementor-element elementor-element-4e57800 cspt-col-stretched-none cspt-bg-color-over-image elementor-section-boxed elementor-section-height-default elementor-section-height-default\" data-id=\"4e57800\" data-element_type=\"section\">\n\t\t\t\t\t\t<div class=\"elementor-container elementor-column-gap-default\">\n\t\t\t\t\t<div class=\"elementor-column elementor-col-100 elementor-top-column elementor-element elementor-element-e86effd cspt-bg-color-over-image\" data-id=\"e86effd\" data-element_type=\"column\">\n\t\t\t<div class=\"elementor-widget-wrap elementor-element-populated\">\n\t\t\t\t\t\t\t\t<div class=\"elementor-element elementor-element-2911d06 elementor-widget elementor-widget-text-editor\" data-id=\"2911d06\" data-element_type=\"widget\" data-widget_type=\"text-editor.default\">\n\t\t\t\t<div class=\"elementor-widget-container\">\n\t\t\t\t\t\t\t\t\t\t\t\t\t<\/div>\n\t\t\t\t<\/div>\n\t\t\t\t\t<\/div>\n\t\t<\/div>\n\t\t\t\t\t\t\t<\/div>\n\t\t<\/section>\n\t\t\t\t<section class=\"elementor-section elementor-top-section elementor-element elementor-element-5f3ea7f cspt-col-stretched-none cspt-bg-color-over-image elementor-section-boxed elementor-section-height-default elementor-section-height-default\" data-id=\"5f3ea7f\" data-element_type=\"section\">\n\t\t\t\t\t\t<div class=\"elementor-container elementor-column-gap-default\">\n\t\t\t\t\t<div class=\"elementor-column elementor-col-50 elementor-top-column elementor-element elementor-element-190c8ff cspt-bg-color-over-image\" data-id=\"190c8ff\" data-element_type=\"column\">\n\t\t\t<div class=\"elementor-widget-wrap elementor-element-populated\">\n\t\t\t\t\t\t\t\t<div class=\"elementor-element elementor-element-1f8f4b5 elementor-widget elementor-widget-text-editor\" data-id=\"1f8f4b5\" data-element_type=\"widget\" data-widget_type=\"text-editor.default\">\n\t\t\t\t<div class=\"elementor-widget-container\">\n\t\t\t\t\t\t\t<p>The project for developing sustainable energy transition and security by AS Valga Depoo received support from the Enterprise and Innovation Foundation for ensuring supply reliability.<\/p><p>Summary of the project:<br \/>As part of the AS Valga Depoo project, a 100 kW solar power generation device and a 51.2 kWh electrical energy storage solution will be installed.<\/p><p>Project goal and outcome:<br \/>The addition of a 100 kW solar power generation device and a 51.2 kWh electrical energy storage solution is an important step for AS Valga Depoo to ensure supply reliability and reduce environmental impact.<\/p>\t\t\t\t\t\t<\/div>\n\t\t\t\t<\/div>\n\t\t\t\t\t<\/div>\n\t\t<\/div>\n\t\t\t\t<div class=\"elementor-column elementor-col-50 elementor-top-column elementor-element elementor-element-3a97935 cspt-bg-color-over-image\" data-id=\"3a97935\" data-element_type=\"column\">\n\t\t\t<div class=\"elementor-widget-wrap elementor-element-populated\">\n\t\t\t\t\t\t\t\t<div class=\"elementor-element elementor-element-c8f19a5 elementor-widget__width-initial elementor-widget elementor-widget-image\" data-id=\"c8f19a5\" data-element_type=\"widget\" data-widget_type=\"image.default\">\n\t\t\t\t<div class=\"elementor-widget-container\">\n\t\t\t<style>\/*! elementor - v3.14.0 - 26-06-2023 *\/\n.elementor-widget-image{text-align:center}.elementor-widget-image a{display:inline-block}.elementor-widget-image a img[src$=\".svg\"]{width:48px}.elementor-widget-image img{vertical-align:middle;display:inline-block}<\/style>\t\t\t\t\t\t\t\t\t\t\t\t<img loading=\"lazy\" decoding=\"async\" width=\"847\" height=\"476\" src=\"https:\/\/new.valgadepoo.ee\/wp-content\/uploads\/2024\/07\/nextgen_rahastanud_el_nextgeneration_est_hor_color-1024x575.jpg\" class=\"attachment-large size-large wp-image-522\" alt=\"\" srcset=\"https:\/\/new.valgadepoo.ee\/wp-content\/uploads\/2024\/07\/nextgen_rahastanud_el_nextgeneration_est_hor_color-1024x575.jpg 1024w, https:\/\/new.valgadepoo.ee\/wp-content\/uploads\/2024\/07\/nextgen_rahastanud_el_nextgeneration_est_hor_color-300x169.jpg 300w, https:\/\/new.valgadepoo.ee\/wp-content\/uploads\/2024\/07\/nextgen_rahastanud_el_nextgeneration_est_hor_color-768x431.jpg 768w, https:\/\/new.valgadepoo.ee\/wp-content\/uploads\/2024\/07\/nextgen_rahastanud_el_nextgeneration_est_hor_color-18x10.jpg 18w, https:\/\/new.valgadepoo.ee\/wp-content\/uploads\/2024\/07\/nextgen_rahastanud_el_nextgeneration_est_hor_color-770x432.jpg 770w, https:\/\/new.valgadepoo.ee\/wp-content\/uploads\/2024\/07\/nextgen_rahastanud_el_nextgeneration_est_hor_color.jpg 1200w\" sizes=\"(max-width: 847px) 100vw, 847px\" data-id=\"522\" \/>\t\t\t\t\t\t\t\t\t\t\t\t\t\t\t<\/div>\n\t\t\t\t<\/div>\n\t\t\t\t\t<\/div>\n\t\t<\/div>\n\t\t\t\t\t\t\t<\/div>\n\t\t<\/section>\n\t\t\t\t\t\t\t<\/div>","protected":false},"excerpt":{"rendered":"<p>Pakume Teile pikaajalist ja vastastikust koost\u00f6\u00f6d. AS Valga Depoo on kaasaegne ettev\u00f5te, kes pakub oma klientidele terviklikku\u00a0 kaubavagunite remonditeenust. Teenuste loetelu h\u00f5lmab endas vagunite ettevalmistamist remondiks, depoo- ja kapitaalremonti, vagunite v\u00e4rvimist, vagunite ettevalmistamist kaubaveoks. Meie t\u00f6\u00f6koja tegevus on sertifitseeritud standardi ISO 9001 j\u00e4rgi; 14001; 45001; 17025; ECM (sertikaat EE\/31\/0023\/0001). Remondi kvaliteedikontroll ja klientide optimeeritud kulud, on oluliseks kriteeriumiks AS Valga Depoo t\u00f6\u00f6s ning kaubavagnite remonditurul. \u00a0 Projekt Valga Depoo AS-i[&hellip;]<\/p>","protected":false},"author":1,"featured_media":0,"parent":0,"menu_order":0,"comment_status":"closed","ping_status":"closed","template":"","meta":{"footnotes":""},"acf":[],"_links":{"self":[{"href":"https:\/\/new.valgadepoo.ee\/en\/wp-json\/wp\/v2\/pages\/37"}],"collection":[{"href":"https:\/\/new.valgadepoo.ee\/en\/wp-json\/wp\/v2\/pages"}],"about":[{"href":"https:\/\/new.valgadepoo.ee\/en\/wp-json\/wp\/v2\/types\/page"}],"author":[{"embeddable":true,"href":"https:\/\/new.valgadepoo.ee\/en\/wp-json\/wp\/v2\/users\/1"}],"replies":[{"embeddable":true,"href":"https:\/\/new.valgadepoo.ee\/en\/wp-json\/wp\/v2\/comments?post=37"}],"version-history":[{"count":43,"href":"https:\/\/new.valgadepoo.ee\/en\/wp-json\/wp\/v2\/pages\/37\/revisions"}],"predecessor-version":[{"id":544,"href":"https:\/\/new.valgadepoo.ee\/en\/wp-json\/wp\/v2\/pages\/37\/revisions\/544"}],"wp:attachment":[{"href":"https:\/\/new.valgadepoo.ee\/en\/wp-json\/wp\/v2\/media?parent=37"}],"curies":[{"name":"wp","href":"https:\/\/api.w.org\/{rel}","templated":true}]}}